{"id":9851,"date":"2022-08-12T19:59:26","date_gmt":"2022-08-12T19:59:26","guid":{"rendered":"https:\/\/uttijuana.edu.mx\/?page_id=9851"},"modified":"2022-08-12T20:04:13","modified_gmt":"2022-08-12T20:04:13","slug":"participa-utt-en-programa-federal-de-energia-para-pymes","status":"publish","type":"page","link":"https:\/\/uttijuana.edu.mx\/index.php\/participa-utt-en-programa-federal-de-energia-para-pymes\/","title":{"rendered":"PARTICIPA UTT EN PROGRAMA FEDERAL DE ENERG\u00cdA PARA PYMES"},"content":{"rendered":"\t\t<div data-elementor-type=\"wp-page\" data-elementor-id=\"9851\" class=\"elementor elementor-9851\" data-elementor-post-type=\"page\">\n\t\t\t\t\t\t<section class=\"elementor-section elementor-top-section elementor-element elementor-element-d96cbd2 elementor-section-boxed elementor-section-height-default elementor-section-height-default wpr-particle-no wpr-jarallax-no wpr-parallax-no wpr-sticky-section-no\" data-id=\"d96cbd2\" data-element_type=\"section\">\n\t\t\t\t\t\t<div class=\"elementor-container elementor-column-gap-default\">\n\t\t\t\t\t<div class=\"elementor-column elementor-col-100 elementor-top-column elementor-element elementor-element-0bd5ad8\" data-id=\"0bd5ad8\" data-element_type=\"column\">\n\t\t\t<div class=\"elementor-widget-wrap elementor-element-populated\">\n\t\t\t\t\t\t<div class=\"elementor-element elementor-element-f43ae30 elementor-widget elementor-widget-heading\" data-id=\"f43ae30\" data-element_type=\"widget\" data-widget_type=\"heading.default\">\n\t\t\t\t<div class=\"elementor-widget-container\">\n\t\t\t\t\t<h2 class=\"elementor-heading-title elementor-size-default\"><span style=\"font-size: 2rem;font-weight: var( --e-global-typography-primary-font-weight );text-align: center;background-color: var(--ast-global-color-4)\">PARTICIPA UTT EN PROGRAMA FEDERAL DE ENERG\u00cdA PARA PYMES<\/span><\/h2>\t\t\t\t<\/div>\n\t\t\t\t<\/div>\n\t\t\t\t<div class=\"elementor-element elementor-element-5544b50 elementor-widget elementor-widget-image\" data-id=\"5544b50\" data-element_type=\"widget\" data-widget_type=\"image.default\">\n\t\t\t\t<div class=\"elementor-widget-container\">\n\t\t\t\t\t\t\t\t\t\t\t\t\t\t\t<img decoding=\"async\" data-src=\"https:\/\/uttijuana.edu.mx\/wp-content\/uploads\/2022\/08\/WhatsApp-Image-2022-08-12-at-12.11.15-PM.jpeg\" title=\"\" alt=\"\" src=\"data:image\/gif;base64,R0lGODlhAQABAAAAACH5BAEKAAEALAAAAAABAAEAAAICTAEAOw==\" class=\"lazyload\" \/>\t\t\t\t\t\t\t\t\t\t\t\t\t\t\t<\/div>\n\t\t\t\t<\/div>\n\t\t\t\t<div class=\"elementor-element elementor-element-ca01477 elementor-widget elementor-widget-heading\" data-id=\"ca01477\" data-element_type=\"widget\" data-widget_type=\"heading.default\">\n\t\t\t\t<div class=\"elementor-widget-container\">\n\t\t\t\t\t<h5 class=\"elementor-heading-title elementor-size-medium\"> <BLOCKQUOTE>\nEstudiantes realizar\u00e1n pr\u00e1cticas en las empresas para que establezcan sistemas de gesti\u00f3n de energ\u00eda  <p> <\/p>\n\n Con la presencia del director general de la Comisi\u00f3n Nacional para el Uso Eficiente de la Energ\u00eda (CONUEE), Od\u00f3n de Buen Rodr\u00edguez, dio inicio el Programa de Implementaci\u00f3n de Sistemas de Gesti\u00f3n de Energ\u00eda en el Sector PYME de Tijuana, en el que participar\u00e1n alumnas y alumnos de la Universidad Tecnol\u00f3gica de Tijuana (UTT).<p> <\/p>\n \nDurante el acto protocolario, el rector Salvador Morales Riub\u00ed, destac\u00f3 la relevancia que tiene para la instituci\u00f3n poder sumar esfuerzos entre gobierno, iniciativa privada y academia, para que las empresas adquieran las herramientas que les permitan establecer sistemas de gesti\u00f3n de energ\u00eda.<p> <\/p>\n \n\u201cTenemos el privilegio de formar parte de un programa tan significativo, como la Implementaci\u00f3n de Sistemas de Gesti\u00f3n de Energ\u00eda en el Sector PYME de Tijuana. Nuestros estudiantes se sumar\u00e1n, a trav\u00e9s de pr\u00e1cticas, a esta cruzada de concientizaci\u00f3n y transformaci\u00f3n de las empresas, para que mejoren sus pr\u00e1cticas en materia energ\u00e9tica y sean m\u00e1s productivas y competitivas\u201d, expres\u00f3.<p> <\/p>\n \nEl programa consiste en capacitar a empresas afiliadas a Canacintra mediante talleres y recorridos, para que puedan implementar acciones para el uso eficiente de la energ\u00eda, en beneficio del medio ambiente.<p> <\/p>\n \nEl director general de la Comisi\u00f3n Nacional del Uso Eficiente de la Energ\u00eda (CONUEE), Od\u00f3n de Buen, durante la conferencia que imparti\u00f3 a estudiantes de la carrera Ingenier\u00eda en Energ\u00edas Renovables, indic\u00f3 que con el paso de los a\u00f1os la tendencia es a manufacturar productos, maquinaria y electrodom\u00e9sticos que consuman menos energ\u00eda.<p> <\/p>\n \nSin embargo, el crecimiento poblacional y el aumento en la demanda de la producci\u00f3n son factores que obligan a revisar a detalle los patrones de consumo de energ\u00eda e identificar en qu\u00e9 \u00e1reas es posible sostener un ahorro y adoptar energ\u00edas sostenibles.<p> <\/p>\n \nEl funcionario federal enfatiz\u00f3 que actualmente est\u00e1n vigentes 34 Normas Oficiales Mexicanas (NOM) de Eficiencia Energ\u00e9tica, lo que ha permitido reducir el consumo en un 6.5 por ciento, \u201cestamos muy bien calificados en ese aspecto\u201d, asegur\u00f3.<p> <\/p>\n \nEl rector agradeci\u00f3 al maestro De Buen Rodr\u00edguez por ofrecer esta conferencia a los alumnos y refrend\u00f3 su agradecimiento a la CONUEE por haber considerado a la Universidad Tecnol\u00f3gica de Tijuana como aliados, junto con Cetys Universidad y Canacintra Tijuana.<p> <\/p><\/h5>\t\t\t\t<\/div>\n\t\t\t\t<\/div>\n\t\t\t\t\t<\/div>\n\t\t<\/div>\n\t\t\t\t\t<\/div>\n\t\t<\/section>\n\t\t\t\t<section class=\"elementor-section elementor-top-section elementor-element elementor-element-b14b50b elementor-section-boxed elementor-section-height-default elementor-section-height-default wpr-particle-no wpr-jarallax-no wpr-parallax-no wpr-sticky-section-no\" data-id=\"b14b50b\" data-element_type=\"section\">\n\t\t\t\t\t\t<div class=\"elementor-container elementor-column-gap-default\">\n\t\t\t\t\t<div class=\"elementor-column elementor-col-100 elementor-top-column elementor-element elementor-element-2a4ad16\" data-id=\"2a4ad16\" data-element_type=\"column\">\n\t\t\t<div class=\"elementor-widget-wrap elementor-element-populated\">\n\t\t\t\t\t\t<div class=\"elementor-element elementor-element-01590d3 elementor-widget elementor-widget-gallery\" data-id=\"01590d3\" data-element_type=\"widget\" data-settings=\"{&quot;columns&quot;:3,&quot;gap&quot;:{&quot;unit&quot;:&quot;px&quot;,&quot;size&quot;:11,&quot;sizes&quot;:[]},&quot;lazyload&quot;:&quot;yes&quot;,&quot;gallery_layout&quot;:&quot;grid&quot;,&quot;columns_tablet&quot;:2,&quot;columns_mobile&quot;:1,&quot;gap_tablet&quot;:{&quot;unit&quot;:&quot;px&quot;,&quot;size&quot;:10,&quot;sizes&quot;:[]},&quot;gap_mobile&quot;:{&quot;unit&quot;:&quot;px&quot;,&quot;size&quot;:10,&quot;sizes&quot;:[]},&quot;link_to&quot;:&quot;file&quot;,&quot;aspect_ratio&quot;:&quot;3:2&quot;,&quot;overlay_background&quot;:&quot;yes&quot;,&quot;content_hover_animation&quot;:&quot;fade-in&quot;}\" data-widget_type=\"gallery.default\">\n\t\t\t\t<div class=\"elementor-widget-container\">\n\t\t\t\t\t\t\t<div class=\"elementor-gallery__container\">\n\t\t\t\t\t<\/div>\n\t\t\t\t\t<\/div>\n\t\t\t\t<\/div>\n\t\t\t\t<div class=\"elementor-element elementor-element-533504a elementor-widget elementor-widget-spacer\" data-id=\"533504a\" data-element_type=\"widget\" data-widget_type=\"spacer.default\">\n\t\t\t\t<div class=\"elementor-widget-container\">\n\t\t\t\t\t\t\t<div class=\"elementor-spacer\">\n\t\t\t<div class=\"elementor-spacer-inner\"><\/div>\n\t\t<\/div>\n\t\t\t\t\t\t<\/div>\n\t\t\t\t<\/div>\n\t\t\t\t\t<\/div>\n\t\t<\/div>\n\t\t\t\t\t<\/div>\n\t\t<\/section>\n\t\t\t\t<\/div>\n\t\t","protected":false},"excerpt":{"rendered":"<p>PARTICIPA UTT EN PROGRAMA FEDERAL DE ENERG\u00cdA PARA PYMES Estudiantes realizar\u00e1n pr\u00e1cticas en las empresas para que establezcan sistemas de gesti\u00f3n de energ\u00eda Con la presencia del director general de la Comisi\u00f3n Nacional para el Uso Eficiente de la Energ\u00eda (CONUEE), Od\u00f3n de Buen Rodr\u00edguez, dio inicio el Programa de Implementaci\u00f3n de Sistemas de Gesti\u00f3n de Energ\u00eda en el Sector PYME de Tijuana, en el que participar\u00e1n alumnas y alumnos de la Universidad Tecnol\u00f3gica de Tijuana (UTT). Durante el acto protocolario, el rector Salvador Morales Riub\u00ed, destac\u00f3 la relevancia que tiene para la instituci\u00f3n poder sumar esfuerzos entre gobierno, iniciativa privada y academia, para que las empresas adquieran las herramientas que les permitan establecer sistemas de gesti\u00f3n de energ\u00eda. \u201cTenemos el privilegio de formar parte de un programa tan significativo, como la Implementaci\u00f3n de Sistemas de Gesti\u00f3n de Energ\u00eda en el Sector PYME de Tijuana. Nuestros estudiantes se sumar\u00e1n, a trav\u00e9s de pr\u00e1cticas, a esta cruzada de concientizaci\u00f3n y transformaci\u00f3n de las empresas, para que mejoren sus pr\u00e1cticas en materia energ\u00e9tica y sean m\u00e1s productivas y competitivas\u201d, expres\u00f3. El programa consiste en capacitar a empresas afiliadas a Canacintra mediante talleres y recorridos, para que puedan implementar acciones para el uso eficiente de la energ\u00eda, en beneficio del medio ambiente. El director general de la Comisi\u00f3n Nacional del Uso Eficiente de la Energ\u00eda (CONUEE), Od\u00f3n de Buen, durante la conferencia que imparti\u00f3 a estudiantes de la carrera Ingenier\u00eda en Energ\u00edas Renovables, indic\u00f3 que con el paso de los a\u00f1os la tendencia es a manufacturar productos, maquinaria y electrodom\u00e9sticos que consuman menos energ\u00eda. Sin embargo, el crecimiento poblacional y el aumento en la demanda de la producci\u00f3n son factores que obligan a revisar a detalle los patrones de consumo de energ\u00eda e identificar en qu\u00e9 \u00e1reas es posible sostener un ahorro y adoptar energ\u00edas sostenibles. El funcionario federal enfatiz\u00f3 que actualmente est\u00e1n vigentes 34 Normas Oficiales Mexicanas (NOM) de Eficiencia Energ\u00e9tica, lo que ha permitido reducir el consumo en un 6.5 por ciento, \u201cestamos muy bien calificados en ese aspecto\u201d, asegur\u00f3. El rector agradeci\u00f3 al maestro De Buen Rodr\u00edguez por ofrecer esta conferencia a los alumnos y refrend\u00f3 su agradecimiento a la CONUEE por haber considerado a la Universidad Tecnol\u00f3gica de Tijuana como aliados, junto con Cetys Universidad y Canacintra Tijuana.<\/p>\n","protected":false},"author":2,"featured_media":0,"parent":0,"menu_order":0,"comment_status":"closed","ping_status":"closed","template":"","meta":{"_monsterinsights_skip_tracking":false,"_monsterinsights_sitenote_active":false,"_monsterinsights_sitenote_note":"","_monsterinsights_sitenote_category":0,"_uf_show_specific_survey":0,"_uf_disable_surveys":false,"site-sidebar-layout":"no-sidebar","site-content-layout":"page-builder","ast-site-content-layout":"default","site-content-style":"default","site-sidebar-style":"default","ast-global-header-display":"","ast-banner-title-visibility":"","ast-main-header-display":"","ast-hfb-above-header-display":"","ast-hfb-below-header-display":"","ast-hfb-mobile-header-display":"","site-post-title":"disabled","ast-breadcrumbs-content":"","ast-featured-img":"disabled","footer-sml-layout":"","ast-disable-related-posts":"","theme-transparent-header-meta":"","adv-header-id-meta":"","stick-header-meta":"","header-above-stick-meta":"","header-main-stick-meta":"","header-below-stick-meta":"","astra-migrate-meta-layouts":"default","ast-page-background-enabled":"default","ast-page-background-meta":{"desktop":{"background-color":"","background-image":"","background-repeat":"repeat","background-position":"center center","background-size":"auto","background-attachment":"scroll","background-type":"","background-media":"","overlay-type":"","overlay-color":"","overlay-opacity":"","overlay-gradient":""},"tablet":{"background-color":"","background-image":"","background-repeat":"repeat","background-position":"center center","background-size":"auto","background-attachment":"scroll","background-type":"","background-media":"","overlay-type":"","overlay-color":"","overlay-opacity":"","overlay-gradient":""},"mobile":{"background-color":"","background-image":"","background-repeat":"repeat","background-position":"center center","background-size":"auto","background-attachment":"scroll","background-type":"","background-media":"","overlay-type":"","overlay-color":"","overlay-opacity":"","overlay-gradient":""}},"ast-content-background-meta":{"desktop":{"background-color":"var(--ast-global-color-5)","background-image":"","background-repeat":"repeat","background-position":"center center","background-size":"auto","background-attachment":"scroll","background-type":"","background-media":"","overlay-type":"","overlay-color":"","overlay-opacity":"","overlay-gradient":""},"tablet":{"background-color":"var(--ast-global-color-5)","background-image":"","background-repeat":"repeat","background-position":"center center","background-size":"auto","background-attachment":"scroll","background-type":"","background-media":"","overlay-type":"","overlay-color":"","overlay-opacity":"","overlay-gradient":""},"mobile":{"background-color":"var(--ast-global-color-5)","background-image":"","background-repeat":"repeat","background-position":"center center","background-size":"auto","background-attachment":"scroll","background-type":"","background-media":"","overlay-type":"","overlay-color":"","overlay-opacity":"","overlay-gradient":""}},"footnotes":""},"class_list":["post-9851","page","type-page","status-publish","hentry"],"_links":{"self":[{"href":"https:\/\/uttijuana.edu.mx\/index.php\/wp-json\/wp\/v2\/pages\/9851","targetHints":{"allow":["GET"]}}],"collection":[{"href":"https:\/\/uttijuana.edu.mx\/index.php\/wp-json\/wp\/v2\/pages"}],"about":[{"href":"https:\/\/uttijuana.edu.mx\/index.php\/wp-json\/wp\/v2\/types\/page"}],"author":[{"embeddable":true,"href":"https:\/\/uttijuana.edu.mx\/index.php\/wp-json\/wp\/v2\/users\/2"}],"replies":[{"embeddable":true,"href":"https:\/\/uttijuana.edu.mx\/index.php\/wp-json\/wp\/v2\/comments?post=9851"}],"version-history":[{"count":4,"href":"https:\/\/uttijuana.edu.mx\/index.php\/wp-json\/wp\/v2\/pages\/9851\/revisions"}],"predecessor-version":[{"id":9863,"href":"https:\/\/uttijuana.edu.mx\/index.php\/wp-json\/wp\/v2\/pages\/9851\/revisions\/9863"}],"wp:attachment":[{"href":"https:\/\/uttijuana.edu.mx\/index.php\/wp-json\/wp\/v2\/media?parent=9851"}],"curies":[{"name":"wp","href":"https:\/\/api.w.org\/{rel}","templated":true}]}}