{"id":9906,"date":"2022-08-19T20:17:59","date_gmt":"2022-08-19T20:17:59","guid":{"rendered":"https:\/\/uttijuana.edu.mx\/?page_id=9906"},"modified":"2022-08-19T20:23:01","modified_gmt":"2022-08-19T20:23:01","slug":"celebra-universidad-tecnologica-de-tijuana-24-anosde-fundacion","status":"publish","type":"page","link":"https:\/\/uttijuana.edu.mx\/index.php\/celebra-universidad-tecnologica-de-tijuana-24-anosde-fundacion\/","title":{"rendered":"CELEBRA UNIVERSIDAD TECNOL\u00d3GICA DE TIJUANA 24 A\u00d1OS<br>DE FUNDACI\u00d3N"},"content":{"rendered":"\t\t<div data-elementor-type=\"wp-page\" data-elementor-id=\"9906\" class=\"elementor elementor-9906\" data-elementor-post-type=\"page\">\n\t\t\t\t\t\t<section class=\"elementor-section elementor-top-section elementor-element elementor-element-9fe6676 elementor-section-boxed elementor-section-height-default elementor-section-height-default wpr-particle-no wpr-jarallax-no wpr-parallax-no wpr-sticky-section-no\" data-id=\"9fe6676\" data-element_type=\"section\">\n\t\t\t\t\t\t<div class=\"elementor-container elementor-column-gap-default\">\n\t\t\t\t\t<div class=\"elementor-column elementor-col-100 elementor-top-column elementor-element elementor-element-412255c\" data-id=\"412255c\" data-element_type=\"column\">\n\t\t\t<div class=\"elementor-widget-wrap elementor-element-populated\">\n\t\t\t\t\t\t<div class=\"elementor-element elementor-element-1c05a38 elementor-widget elementor-widget-heading\" data-id=\"1c05a38\" data-element_type=\"widget\" data-widget_type=\"heading.default\">\n\t\t\t\t<div class=\"elementor-widget-container\">\n\t\t\t\t\t<h2 class=\"elementor-heading-title elementor-size-default\">CELEBRA UNIVERSIDAD TECNOL\u00d3GICA DE TIJUANA 24 A\u00d1OS\nDE FUNDACI\u00d3N<\/h2>\t\t\t\t<\/div>\n\t\t\t\t<\/div>\n\t\t\t\t\t<\/div>\n\t\t<\/div>\n\t\t\t\t\t<\/div>\n\t\t<\/section>\n\t\t\t\t<section class=\"elementor-section elementor-top-section elementor-element elementor-element-951c774 elementor-section-boxed elementor-section-height-default elementor-section-height-default wpr-particle-no wpr-jarallax-no wpr-parallax-no wpr-sticky-section-no\" data-id=\"951c774\" data-element_type=\"section\">\n\t\t\t\t\t\t<div class=\"elementor-container elementor-column-gap-default\">\n\t\t\t\t\t<div class=\"elementor-column elementor-col-100 elementor-top-column elementor-element elementor-element-65806db\" data-id=\"65806db\" data-element_type=\"column\">\n\t\t\t<div class=\"elementor-widget-wrap elementor-element-populated\">\n\t\t\t\t\t\t<div class=\"elementor-element elementor-element-b8d74c9 elementor-widget elementor-widget-image\" data-id=\"b8d74c9\" data-element_type=\"widget\" data-widget_type=\"image.default\">\n\t\t\t\t<div class=\"elementor-widget-container\">\n\t\t\t\t\t\t\t\t\t\t\t\t\t\t\t<img decoding=\"async\" data-src=\"https:\/\/uttijuana.edu.mx\/wp-content\/uploads\/2022\/08\/21.jpg\" title=\"\" alt=\"\" src=\"data:image\/gif;base64,R0lGODlhAQABAAAAACH5BAEKAAEALAAAAAABAAEAAAICTAEAOw==\" class=\"lazyload\" \/>\t\t\t\t\t\t\t\t\t\t\t\t\t\t\t<\/div>\n\t\t\t\t<\/div>\n\t\t\t\t\t<\/div>\n\t\t<\/div>\n\t\t\t\t\t<\/div>\n\t\t<\/section>\n\t\t\t\t<section class=\"elementor-section elementor-top-section elementor-element elementor-element-f807fa4 elementor-section-boxed elementor-section-height-default elementor-section-height-default wpr-particle-no wpr-jarallax-no wpr-parallax-no wpr-sticky-section-no\" data-id=\"f807fa4\" data-element_type=\"section\">\n\t\t\t\t\t\t<div class=\"elementor-container elementor-column-gap-default\">\n\t\t\t\t\t<div class=\"elementor-column elementor-col-100 elementor-top-column elementor-element elementor-element-0f1980e\" data-id=\"0f1980e\" data-element_type=\"column\">\n\t\t\t<div class=\"elementor-widget-wrap elementor-element-populated\">\n\t\t\t\t\t\t<div class=\"elementor-element elementor-element-aa62739 elementor-widget elementor-widget-heading\" data-id=\"aa62739\" data-element_type=\"widget\" data-widget_type=\"heading.default\">\n\t\t\t\t<div class=\"elementor-widget-container\">\n\t\t\t\t\t<h5 class=\"elementor-heading-title elementor-size-medium\"> <BLOCKQUOTE>\nReconocen al personal que cumpli\u00f3 10, 15 y 20 a\u00f1os de servicio <p> <\/p>\n\n\n Con una cifra hist\u00f3rica de nuevo ingreso, que la posiciona\ncomo la segunda universidad p\u00fablica que m\u00e1s alumnos capt\u00f3 para el\nciclo escolar 2022-2023, la Universidad Tecnol\u00f3gica de Tijuana (UTT)\ncelebr\u00f3 24 a\u00f1os de fundaci\u00f3n, en una ceremonia conmemorativa que\ncongreg\u00f3 a la comunidad educativa y a representantes de organismos\nempresariales.<p> <\/p>\n\nEn su mensaje, el rector Mtro. Salvador Morales Riub\u00ed, enumer\u00f3 una\nserie de logros alcanzados en fechas recientes, que posicionan a la\nUniversidad Tecnol\u00f3gica como una instituci\u00f3n que contribuye al\ndesarrollo econ\u00f3mico y social de la regi\u00f3n.<p> <\/p>\n\n\u201cNunca antes la Universidad Tecnol\u00f3gica hab\u00eda logrado abrir 60\nnuevos grupos y atender a una matr\u00edcula total de m\u00e1s de cuatro mil\n500 futuros ingenieros y licenciados. Esto nos convierte en la segunda\nuniversidad p\u00fablica que m\u00e1s alumnos capt\u00f3 en el municipio de\nTijuana\u201d, expres\u00f3.<p> <\/p>\n\nMorales Riub\u00ed agradeci\u00f3 a la gobernadora, Marina del Pilar Avila\nOlmeda, por el apoyo brindado a la Universidad Tecnol\u00f3gica para\npoder ampliar su matr\u00edcula y ofertar dos nuevas carreras, la ingenier\u00eda\nen Manufactura Aeron\u00e1utica en Tijuana y la licenciatura en\nGastronom\u00eda en Ensenada.<p> <\/p>\n\nComo parte de los festejos de 24 a\u00f1os de historia, se hizo entrega de\nreconocimientos a 18 trabajadores administrativos y docentes que\ncumplieron 10, 15 y hasta 20 a\u00f1os de servicio de manera\nininterrumpida, adem\u00e1s de un est\u00edmulo econ\u00f3mico.<p> <\/p>\n\nEl rector resalt\u00f3 el compromiso y vocaci\u00f3n del personal docente, as\u00ed\ncomo del personal administrativo, que gracias a la suma de esfuerzos\nhan contribuido a entregar a la sociedad profesionistas mejor\npreparados para competir en el mundo laboral. Los alent\u00f3 a continuar\ndando lo mejor de s\u00ed para alcanzar est\u00e1ndares m\u00e1s altos de calidad\neducativa.<p> <\/p>\n\n\u201cCon certeza puedo decir que en la Universidad Tecnol\u00f3gica de\nTijuana estamos preparados para lo que viene. Estamos viendo de\nfrente al futuro y no vamos a exigirnos menos de lo ya alcanzado\u201d,\nasegur\u00f3.<p> <\/p>\n\nA nombre del sector empresarial, el consejero de la junta directiva de\nla UTT, Rafael Trujillo Altamirano, destac\u00f3 el impacto que ha tenido la\nUniversidad Tecnol\u00f3gica en la actividad econ\u00f3mica de la ciudad, ya\nque logr\u00f3 que la industria abriera las puertas a los primeros egresados\nde T\u00e9cnico Superior Universitario.<p> <\/p>\n\nLa ceremonia de aniversario tuvo lugar en la explanada de rector\u00eda, en\ndonde se dieron cita l\u00edderes de organismos empresariales y colegios\ncon los que la UTT mantiene convenios de colaboraci\u00f3n.<p> <\/p>\n\nTambi\u00e9n estuvieron presentes como invitados de honor alumnos de\ntodas las carreras, que se destacan por sus altos promedios o que\nparticipan en competencias acad\u00e9micas y deportivas con resultados\nextraordinarios.<p> <\/p>\n\nResult\u00f3 muy significativa la presencia de un grupo de alumnos y\negresados con discapacidad auditiva de la carrera de Contadur\u00eda, con\nlo que la Universidad Tecnol\u00f3gica de Tijuana refrenda su compromiso\ncon la inclusi\u00f3n, la equidad y el derecho a la educaci\u00f3n para todos.<p> <\/p><\/h5>\t\t\t\t<\/div>\n\t\t\t\t<\/div>\n\t\t\t\t<div class=\"elementor-element elementor-element-a021df0 elementor-widget elementor-widget-gallery\" data-id=\"a021df0\" data-element_type=\"widget\" data-settings=\"{&quot;columns&quot;:3,&quot;lazyload&quot;:&quot;yes&quot;,&quot;gallery_layout&quot;:&quot;grid&quot;,&quot;columns_tablet&quot;:2,&quot;columns_mobile&quot;:1,&quot;gap&quot;:{&quot;unit&quot;:&quot;px&quot;,&quot;size&quot;:10,&quot;sizes&quot;:[]},&quot;gap_tablet&quot;:{&quot;unit&quot;:&quot;px&quot;,&quot;size&quot;:10,&quot;sizes&quot;:[]},&quot;gap_mobile&quot;:{&quot;unit&quot;:&quot;px&quot;,&quot;size&quot;:10,&quot;sizes&quot;:[]},&quot;link_to&quot;:&quot;file&quot;,&quot;aspect_ratio&quot;:&quot;3:2&quot;,&quot;overlay_background&quot;:&quot;yes&quot;,&quot;content_hover_animation&quot;:&quot;fade-in&quot;}\" data-widget_type=\"gallery.default\">\n\t\t\t\t<div class=\"elementor-widget-container\">\n\t\t\t\t\t\t\t<div class=\"elementor-gallery__container\">\n\t\t\t\t\t<\/div>\n\t\t\t\t\t<\/div>\n\t\t\t\t<\/div>\n\t\t\t\t\t<\/div>\n\t\t<\/div>\n\t\t\t\t\t<\/div>\n\t\t<\/section>\n\t\t\t\t<\/div>\n\t\t","protected":false},"excerpt":{"rendered":"<p>CELEBRA UNIVERSIDAD TECNOL\u00d3GICA DE TIJUANA 24 A\u00d1OS DE FUNDACI\u00d3N Reconocen al personal que cumpli\u00f3 10, 15 y 20 a\u00f1os de servicio Con una cifra hist\u00f3rica de nuevo ingreso, que la posiciona como la segunda universidad p\u00fablica que m\u00e1s alumnos capt\u00f3 para el ciclo escolar 2022-2023, la Universidad Tecnol\u00f3gica de Tijuana (UTT) celebr\u00f3 24 a\u00f1os de fundaci\u00f3n, en una ceremonia conmemorativa que congreg\u00f3 a la comunidad educativa y a representantes de organismos empresariales. En su mensaje, el rector Mtro. Salvador Morales Riub\u00ed, enumer\u00f3 una serie de logros alcanzados en fechas recientes, que posicionan a la Universidad Tecnol\u00f3gica como una instituci\u00f3n que contribuye al desarrollo econ\u00f3mico y social de la regi\u00f3n. \u201cNunca antes la Universidad Tecnol\u00f3gica hab\u00eda logrado abrir 60 nuevos grupos y atender a una matr\u00edcula total de m\u00e1s de cuatro mil 500 futuros ingenieros y licenciados. Esto nos convierte en la segunda universidad p\u00fablica que m\u00e1s alumnos capt\u00f3 en el municipio de Tijuana\u201d, expres\u00f3. Morales Riub\u00ed agradeci\u00f3 a la gobernadora, Marina del Pilar Avila Olmeda, por el apoyo brindado a la Universidad Tecnol\u00f3gica para poder ampliar su matr\u00edcula y ofertar dos nuevas carreras, la ingenier\u00eda en Manufactura Aeron\u00e1utica en Tijuana y la licenciatura en Gastronom\u00eda en Ensenada. Como parte de los festejos de 24 a\u00f1os de historia, se hizo entrega de reconocimientos a 18 trabajadores administrativos y docentes que cumplieron 10, 15 y hasta 20 a\u00f1os de servicio de manera ininterrumpida, adem\u00e1s de un est\u00edmulo econ\u00f3mico. El rector resalt\u00f3 el compromiso y vocaci\u00f3n del personal docente, as\u00ed como del personal administrativo, que gracias a la suma de esfuerzos han contribuido a entregar a la sociedad profesionistas mejor preparados para competir en el mundo laboral. Los alent\u00f3 a continuar dando lo mejor de s\u00ed para alcanzar est\u00e1ndares m\u00e1s altos de calidad educativa. \u201cCon certeza puedo decir que en la Universidad Tecnol\u00f3gica de Tijuana estamos preparados para lo que viene. Estamos viendo de frente al futuro y no vamos a exigirnos menos de lo ya alcanzado\u201d, asegur\u00f3. A nombre del sector empresarial, el consejero de la junta directiva de la UTT, Rafael Trujillo Altamirano, destac\u00f3 el impacto que ha tenido la Universidad Tecnol\u00f3gica en la actividad econ\u00f3mica de la ciudad, ya que logr\u00f3 que la industria abriera las puertas a los primeros egresados de T\u00e9cnico Superior Universitario. La ceremonia de aniversario tuvo lugar en la explanada de rector\u00eda, en donde se dieron cita l\u00edderes de organismos empresariales y colegios con los que la UTT mantiene convenios de colaboraci\u00f3n. Tambi\u00e9n estuvieron presentes como invitados de honor alumnos de todas las carreras, que se destacan por sus altos promedios o que participan en competencias acad\u00e9micas y deportivas con resultados extraordinarios. Result\u00f3 muy significativa la presencia de un grupo de alumnos y egresados con discapacidad auditiva de la carrera de Contadur\u00eda, con lo que la Universidad Tecnol\u00f3gica de Tijuana refrenda su compromiso con la inclusi\u00f3n, la equidad y el derecho a la educaci\u00f3n para todos.<\/p>\n","protected":false},"author":2,"featured_media":0,"parent":0,"menu_order":0,"comment_status":"closed","ping_status":"closed","template":"","meta":{"_monsterinsights_skip_tracking":false,"_monsterinsights_sitenote_active":false,"_monsterinsights_sitenote_note":"","_monsterinsights_sitenote_category":0,"_uf_show_specific_survey":0,"_uf_disable_surveys":false,"site-sidebar-layout":"no-sidebar","site-content-layout":"page-builder","ast-site-content-layout":"default","site-content-style":"default","site-sidebar-style":"default","ast-global-header-display":"","ast-banner-title-visibility":"","ast-main-header-display":"","ast-hfb-above-header-display":"","ast-hfb-below-header-display":"","ast-hfb-mobile-header-display":"","site-post-title":"disabled","ast-breadcrumbs-content":"","ast-featured-img":"disabled","footer-sml-layout":"","ast-disable-related-posts":"","theme-transparent-header-meta":"","adv-header-id-meta":"","stick-header-meta":"","header-above-stick-meta":"","header-main-stick-meta":"","header-below-stick-meta":"","astra-migrate-meta-layouts":"default","ast-page-background-enabled":"default","ast-page-background-meta":{"desktop":{"background-color":"","background-image":"","background-repeat":"repeat","background-position":"center center","background-size":"auto","background-attachment":"scroll","background-type":"","background-media":"","overlay-type":"","overlay-color":"","overlay-opacity":"","overlay-gradient":""},"tablet":{"background-color":"","background-image":"","background-repeat":"repeat","background-position":"center center","background-size":"auto","background-attachment":"scroll","background-type":"","background-media":"","overlay-type":"","overlay-color":"","overlay-opacity":"","overlay-gradient":""},"mobile":{"background-color":"","background-image":"","background-repeat":"repeat","background-position":"center center","background-size":"auto","background-attachment":"scroll","background-type":"","background-media":"","overlay-type":"","overlay-color":"","overlay-opacity":"","overlay-gradient":""}},"ast-content-background-meta":{"desktop":{"background-color":"var(--ast-global-color-5)","background-image":"","background-repeat":"repeat","background-position":"center center","background-size":"auto","background-attachment":"scroll","background-type":"","background-media":"","overlay-type":"","overlay-color":"","overlay-opacity":"","overlay-gradient":""},"tablet":{"background-color":"var(--ast-global-color-5)","background-image":"","background-repeat":"repeat","background-position":"center center","background-size":"auto","background-attachment":"scroll","background-type":"","background-media":"","overlay-type":"","overlay-color":"","overlay-opacity":"","overlay-gradient":""},"mobile":{"background-color":"var(--ast-global-color-5)","background-image":"","background-repeat":"repeat","background-position":"center center","background-size":"auto","background-attachment":"scroll","background-type":"","background-media":"","overlay-type":"","overlay-color":"","overlay-opacity":"","overlay-gradient":""}},"footnotes":""},"class_list":["post-9906","page","type-page","status-publish","hentry"],"_links":{"self":[{"href":"https:\/\/uttijuana.edu.mx\/index.php\/wp-json\/wp\/v2\/pages\/9906","targetHints":{"allow":["GET"]}}],"collection":[{"href":"https:\/\/uttijuana.edu.mx\/index.php\/wp-json\/wp\/v2\/pages"}],"about":[{"href":"https:\/\/uttijuana.edu.mx\/index.php\/wp-json\/wp\/v2\/types\/page"}],"author":[{"embeddable":true,"href":"https:\/\/uttijuana.edu.mx\/index.php\/wp-json\/wp\/v2\/users\/2"}],"replies":[{"embeddable":true,"href":"https:\/\/uttijuana.edu.mx\/index.php\/wp-json\/wp\/v2\/comments?post=9906"}],"version-history":[{"count":4,"href":"https:\/\/uttijuana.edu.mx\/index.php\/wp-json\/wp\/v2\/pages\/9906\/revisions"}],"predecessor-version":[{"id":9914,"href":"https:\/\/uttijuana.edu.mx\/index.php\/wp-json\/wp\/v2\/pages\/9906\/revisions\/9914"}],"wp:attachment":[{"href":"https:\/\/uttijuana.edu.mx\/index.php\/wp-json\/wp\/v2\/media?parent=9906"}],"curies":[{"name":"wp","href":"https:\/\/api.w.org\/{rel}","templated":true}]}}