{"id":9992,"date":"2022-09-27T23:37:11","date_gmt":"2022-09-27T23:37:11","guid":{"rendered":"https:\/\/uttijuana.edu.mx\/?page_id=9992"},"modified":"2022-09-28T17:13:51","modified_gmt":"2022-09-28T17:13:51","slug":"agencias-aduanales","status":"publish","type":"page","link":"https:\/\/uttijuana.edu.mx\/index.php\/agencias-aduanales\/","title":{"rendered":"AGENCIAS ADUANALES"},"content":{"rendered":"\t\t<div data-elementor-type=\"wp-page\" data-elementor-id=\"9992\" class=\"elementor elementor-9992\" data-elementor-post-type=\"page\">\n\t\t\t\t\t\t<section class=\"elementor-section elementor-top-section elementor-element elementor-element-296cec4 elementor-section-boxed elementor-section-height-default elementor-section-height-default wpr-particle-no wpr-jarallax-no wpr-parallax-no wpr-sticky-section-no\" data-id=\"296cec4\" data-element_type=\"section\">\n\t\t\t\t\t\t<div class=\"elementor-container elementor-column-gap-default\">\n\t\t\t\t\t<div class=\"elementor-column elementor-col-100 elementor-top-column elementor-element elementor-element-bc7f452\" data-id=\"bc7f452\" data-element_type=\"column\">\n\t\t\t<div class=\"elementor-widget-wrap elementor-element-populated\">\n\t\t\t\t\t\t<div class=\"elementor-element elementor-element-dce3c62 elementor-widget elementor-widget-heading\" data-id=\"dce3c62\" data-element_type=\"widget\" data-widget_type=\"heading.default\">\n\t\t\t\t<div class=\"elementor-widget-container\">\n\t\t\t\t\t<h2 class=\"elementor-heading-title elementor-size-default\">IMPARTI\u00d3 LA UTT DIPLOMADO A PERSONAL DE AGENCIAS ADUANALES DE TIJUANA Y TECATE<\/h2>\t\t\t\t<\/div>\n\t\t\t\t<\/div>\n\t\t\t\t<div class=\"elementor-element elementor-element-026e5d2 elementor-widget elementor-widget-image\" data-id=\"026e5d2\" data-element_type=\"widget\" data-widget_type=\"image.default\">\n\t\t\t\t<div class=\"elementor-widget-container\">\n\t\t\t\t\t\t\t\t\t\t\t\t\t\t\t<img decoding=\"async\" data-src=\"https:\/\/uttijuana.edu.mx\/wp-content\/uploads\/2022\/09\/1.jpeg\" title=\"\" alt=\"\" src=\"data:image\/gif;base64,R0lGODlhAQABAAAAACH5BAEKAAEALAAAAAABAAEAAAICTAEAOw==\" class=\"lazyload\" \/>\t\t\t\t\t\t\t\t\t\t\t\t\t\t\t<\/div>\n\t\t\t\t<\/div>\n\t\t\t\t\t<\/div>\n\t\t<\/div>\n\t\t\t\t\t<\/div>\n\t\t<\/section>\n\t\t\t\t<section class=\"elementor-section elementor-top-section elementor-element elementor-element-695b75a elementor-section-boxed elementor-section-height-default elementor-section-height-default wpr-particle-no wpr-jarallax-no wpr-parallax-no wpr-sticky-section-no\" data-id=\"695b75a\" data-element_type=\"section\">\n\t\t\t\t\t\t<div class=\"elementor-container elementor-column-gap-default\">\n\t\t\t\t\t<div class=\"elementor-column elementor-col-100 elementor-top-column elementor-element elementor-element-8013bfd\" data-id=\"8013bfd\" data-element_type=\"column\">\n\t\t\t<div class=\"elementor-widget-wrap elementor-element-populated\">\n\t\t\t\t\t\t<div class=\"elementor-element elementor-element-507d7c2 elementor-widget elementor-widget-heading\" data-id=\"507d7c2\" data-element_type=\"widget\" data-widget_type=\"heading.default\">\n\t\t\t\t<div class=\"elementor-widget-container\">\n\t\t\t\t\t<h5 class=\"elementor-heading-title elementor-size-medium\"> <BLOCKQUOTE>\nLa UTT fortalece su vinculaci\u00f3n con el sector empresarial<p> <\/p>\n\n\nComo parte de su compromiso con la profesionalizaci\u00f3n\ndel talento humano y la vinculaci\u00f3n con las empresas, la Universidad\nTecnol\u00f3gica de Tijuana (UTT) imparti\u00f3 un diplomado dirigido a\npersonal de agencias aduanales, lo que tendr\u00e1 un impacto positivo en\nel ejercicio del comercio exterior.<p> <\/p>\n\nEl rector, Mtro. Salvador Morales Riub\u00ed, destac\u00f3 que este fue un\nesfuerzo conjunto con la Asociaci\u00f3n de Agentes Aduanales de Tijuana\ny Tecate, a fin de que el talento de las agencias est\u00e9 mejor preparado\npara cumplir sus funciones relacionadas con la revisi\u00f3n y clasificaci\u00f3n\narancelaria de mercanc\u00edas.<p> <\/p>\n\nIndic\u00f3 que, para la Universidad Tecnol\u00f3gica de Tijuana, la vinculaci\u00f3n\ncon las empresas y con los organismos que las representan es\nfundamental, pues es la forma en que pueden conocer sus\nnecesidades de capacitaci\u00f3n y profesionalizaci\u00f3n. Adem\u00e1s, con este\ntipo de alianzas se propicia la colocaci\u00f3n de los alumnos en su etapa\nde estad\u00edas y al egreso, en su campo de trabajo. <p> <\/p>\n\nExplic\u00f3 que son ya dos generaciones de personal de agencias\naduanales las que han cursado el Diplomado de Profesionalizaci\u00f3n del\nTramitador, Revisor y Clasificador de Mercanc\u00edas, por lo que son 53\ncolaboradores mejor preparados que tendr\u00e1n m\u00e1s oportunidades de\ncrecimiento.<p> <\/p>\n\n\u201cEsta es la culminaci\u00f3n de un esfuerzo que implic\u00f3 dedicaci\u00f3n,\nsacrificio y compromiso de todos los participantes. Fueron un total de\n130 horas las que dedicaron para llegar a la meta y obtener la\ncertificaci\u00f3n de sus competencias laborales, lo que se ver\u00e1 reflejado\nen los resultados del d\u00eda a d\u00eda\u201d, indic\u00f3.<p> <\/p>\n\nMorales Riub\u00ed agradeci\u00f3 a la Asociaci\u00f3n de Agentes Aduanales de\nTijuana y Tecate la confianza depositada en la universidad y tambi\u00e9n\npor generar oportunidades para los estudiantes de la carrera de\nOperaciones Comerciales Internacionales, lo que sin duda ha\nfortalecido su formaci\u00f3n profesional.<p> <\/p>\n\nLuego de la entrega de las certificaciones a los graduados, la UTT y la\nAsociaci\u00f3n de Agentes Aduanales de Tijuana y Tecate firmaron un\nconvenio, con el que refrendan el compromiso de mantenerse en\nconstante colaboraci\u00f3n.<p> <\/p>\n\n\u201cLas puertas de la Universidad Tecnol\u00f3gica siempre estar\u00e1n abiertas a\nalianzas como estas y a organizaciones comprometidas con la\nprofesionalizaci\u00f3n, como la Asociaci\u00f3n de Agentes Aduanales de\nTijuana y Tecate\u201d, pronunci\u00f3.<p> <\/p>\n\nPor su parte, el titular de dicho organismo, Adolfo Ayala Bejarano,\nexpres\u00f3 que la capacitaci\u00f3n del personal de las agencias aduanales\nes vital para el correcto despacho de las mercanc\u00edas, por lo que el\ndiplomado impartido por la UTT respondi\u00f3 a esa necesidad.<p> <\/p>\n<\/h5>\t\t\t\t<\/div>\n\t\t\t\t<\/div>\n\t\t\t\t\t<\/div>\n\t\t<\/div>\n\t\t\t\t\t<\/div>\n\t\t<\/section>\n\t\t\t\t<section class=\"elementor-section elementor-top-section elementor-element elementor-element-c5f4954 elementor-section-boxed elementor-section-height-default elementor-section-height-default wpr-particle-no wpr-jarallax-no wpr-parallax-no wpr-sticky-section-no\" data-id=\"c5f4954\" data-element_type=\"section\">\n\t\t\t\t\t\t<div class=\"elementor-container elementor-column-gap-default\">\n\t\t\t\t\t<div class=\"elementor-column elementor-col-100 elementor-top-column elementor-element elementor-element-b7f001b\" data-id=\"b7f001b\" data-element_type=\"column\">\n\t\t\t<div class=\"elementor-widget-wrap elementor-element-populated\">\n\t\t\t\t\t\t<div class=\"elementor-element elementor-element-703a220 elementor-widget elementor-widget-gallery\" data-id=\"703a220\" data-element_type=\"widget\" data-settings=\"{&quot;columns&quot;:2,&quot;lazyload&quot;:&quot;yes&quot;,&quot;gallery_layout&quot;:&quot;grid&quot;,&quot;columns_tablet&quot;:2,&quot;columns_mobile&quot;:1,&quot;gap&quot;:{&quot;unit&quot;:&quot;px&quot;,&quot;size&quot;:10,&quot;sizes&quot;:[]},&quot;gap_tablet&quot;:{&quot;unit&quot;:&quot;px&quot;,&quot;size&quot;:10,&quot;sizes&quot;:[]},&quot;gap_mobile&quot;:{&quot;unit&quot;:&quot;px&quot;,&quot;size&quot;:10,&quot;sizes&quot;:[]},&quot;link_to&quot;:&quot;file&quot;,&quot;aspect_ratio&quot;:&quot;3:2&quot;,&quot;overlay_background&quot;:&quot;yes&quot;,&quot;content_hover_animation&quot;:&quot;fade-in&quot;}\" data-widget_type=\"gallery.default\">\n\t\t\t\t<div class=\"elementor-widget-container\">\n\t\t\t\t\t\t\t<div class=\"elementor-gallery__container\">\n\t\t\t\t\t<\/div>\n\t\t\t\t\t<\/div>\n\t\t\t\t<\/div>\n\t\t\t\t\t<\/div>\n\t\t<\/div>\n\t\t\t\t\t<\/div>\n\t\t<\/section>\n\t\t\t\t<section class=\"elementor-section elementor-top-section elementor-element elementor-element-4924ef5 elementor-section-boxed elementor-section-height-default elementor-section-height-default wpr-particle-no wpr-jarallax-no wpr-parallax-no wpr-sticky-section-no\" data-id=\"4924ef5\" data-element_type=\"section\">\n\t\t\t\t\t\t<div class=\"elementor-container elementor-column-gap-default\">\n\t\t\t\t\t<div class=\"elementor-column elementor-col-100 elementor-top-column elementor-element elementor-element-2ab38d6\" data-id=\"2ab38d6\" data-element_type=\"column\">\n\t\t\t<div class=\"elementor-widget-wrap elementor-element-populated\">\n\t\t\t\t\t\t<div class=\"elementor-element elementor-element-a1badc3 elementor-widget elementor-widget-spacer\" data-id=\"a1badc3\" data-element_type=\"widget\" data-widget_type=\"spacer.default\">\n\t\t\t\t<div class=\"elementor-widget-container\">\n\t\t\t\t\t\t\t<div class=\"elementor-spacer\">\n\t\t\t<div class=\"elementor-spacer-inner\"><\/div>\n\t\t<\/div>\n\t\t\t\t\t\t<\/div>\n\t\t\t\t<\/div>\n\t\t\t\t\t<\/div>\n\t\t<\/div>\n\t\t\t\t\t<\/div>\n\t\t<\/section>\n\t\t\t\t<\/div>\n\t\t","protected":false},"excerpt":{"rendered":"<p>IMPARTI\u00d3 LA UTT DIPLOMADO A PERSONAL DE AGENCIAS ADUANALES DE TIJUANA Y TECATE La UTT fortalece su vinculaci\u00f3n con el sector empresarial Como parte de su compromiso con la profesionalizaci\u00f3n del talento humano y la vinculaci\u00f3n con las empresas, la Universidad Tecnol\u00f3gica de Tijuana (UTT) imparti\u00f3 un diplomado dirigido a personal de agencias aduanales, lo que tendr\u00e1 un impacto positivo en el ejercicio del comercio exterior. El rector, Mtro. Salvador Morales Riub\u00ed, destac\u00f3 que este fue un esfuerzo conjunto con la Asociaci\u00f3n de Agentes Aduanales de Tijuana y Tecate, a fin de que el talento de las agencias est\u00e9 mejor preparado para cumplir sus funciones relacionadas con la revisi\u00f3n y clasificaci\u00f3n arancelaria de mercanc\u00edas. Indic\u00f3 que, para la Universidad Tecnol\u00f3gica de Tijuana, la vinculaci\u00f3n con las empresas y con los organismos que las representan es fundamental, pues es la forma en que pueden conocer sus necesidades de capacitaci\u00f3n y profesionalizaci\u00f3n. Adem\u00e1s, con este tipo de alianzas se propicia la colocaci\u00f3n de los alumnos en su etapa de estad\u00edas y al egreso, en su campo de trabajo. Explic\u00f3 que son ya dos generaciones de personal de agencias aduanales las que han cursado el Diplomado de Profesionalizaci\u00f3n del Tramitador, Revisor y Clasificador de Mercanc\u00edas, por lo que son 53 colaboradores mejor preparados que tendr\u00e1n m\u00e1s oportunidades de crecimiento. \u201cEsta es la culminaci\u00f3n de un esfuerzo que implic\u00f3 dedicaci\u00f3n, sacrificio y compromiso de todos los participantes. Fueron un total de 130 horas las que dedicaron para llegar a la meta y obtener la certificaci\u00f3n de sus competencias laborales, lo que se ver\u00e1 reflejado en los resultados del d\u00eda a d\u00eda\u201d, indic\u00f3. Morales Riub\u00ed agradeci\u00f3 a la Asociaci\u00f3n de Agentes Aduanales de Tijuana y Tecate la confianza depositada en la universidad y tambi\u00e9n por generar oportunidades para los estudiantes de la carrera de Operaciones Comerciales Internacionales, lo que sin duda ha fortalecido su formaci\u00f3n profesional. Luego de la entrega de las certificaciones a los graduados, la UTT y la Asociaci\u00f3n de Agentes Aduanales de Tijuana y Tecate firmaron un convenio, con el que refrendan el compromiso de mantenerse en constante colaboraci\u00f3n. \u201cLas puertas de la Universidad Tecnol\u00f3gica siempre estar\u00e1n abiertas a alianzas como estas y a organizaciones comprometidas con la profesionalizaci\u00f3n, como la Asociaci\u00f3n de Agentes Aduanales de Tijuana y Tecate\u201d, pronunci\u00f3. Por su parte, el titular de dicho organismo, Adolfo Ayala Bejarano, expres\u00f3 que la capacitaci\u00f3n del personal de las agencias aduanales es vital para el correcto despacho de las mercanc\u00edas, por lo que el diplomado impartido por la UTT respondi\u00f3 a esa necesidad.<\/p>\n","protected":false},"author":2,"featured_media":0,"parent":0,"menu_order":0,"comment_status":"closed","ping_status":"closed","template":"","meta":{"_monsterinsights_skip_tracking":false,"_monsterinsights_sitenote_active":false,"_monsterinsights_sitenote_note":"","_monsterinsights_sitenote_category":0,"_uf_show_specific_survey":0,"_uf_disable_surveys":false,"site-sidebar-layout":"no-sidebar","site-content-layout":"page-builder","ast-site-content-layout":"default","site-content-style":"default","site-sidebar-style":"default","ast-global-header-display":"","ast-banner-title-visibility":"","ast-main-header-display":"","ast-hfb-above-header-display":"","ast-hfb-below-header-display":"","ast-hfb-mobile-header-display":"","site-post-title":"disabled","ast-breadcrumbs-content":"","ast-featured-img":"disabled","footer-sml-layout":"","ast-disable-related-posts":"","theme-transparent-header-meta":"","adv-header-id-meta":"","stick-header-meta":"","header-above-stick-meta":"","header-main-stick-meta":"","header-below-stick-meta":"","astra-migrate-meta-layouts":"default","ast-page-background-enabled":"default","ast-page-background-meta":{"desktop":{"background-color":"","background-image":"","background-repeat":"repeat","background-position":"center center","background-size":"auto","background-attachment":"scroll","background-type":"","background-media":"","overlay-type":"","overlay-color":"","overlay-opacity":"","overlay-gradient":""},"tablet":{"background-color":"","background-image":"","background-repeat":"repeat","background-position":"center center","background-size":"auto","background-attachment":"scroll","background-type":"","background-media":"","overlay-type":"","overlay-color":"","overlay-opacity":"","overlay-gradient":""},"mobile":{"background-color":"","background-image":"","background-repeat":"repeat","background-position":"center center","background-size":"auto","background-attachment":"scroll","background-type":"","background-media":"","overlay-type":"","overlay-color":"","overlay-opacity":"","overlay-gradient":""}},"ast-content-background-meta":{"desktop":{"background-color":"var(--ast-global-color-5)","background-image":"","background-repeat":"repeat","background-position":"center center","background-size":"auto","background-attachment":"scroll","background-type":"","background-media":"","overlay-type":"","overlay-color":"","overlay-opacity":"","overlay-gradient":""},"tablet":{"background-color":"var(--ast-global-color-5)","background-image":"","background-repeat":"repeat","background-position":"center center","background-size":"auto","background-attachment":"scroll","background-type":"","background-media":"","overlay-type":"","overlay-color":"","overlay-opacity":"","overlay-gradient":""},"mobile":{"background-color":"var(--ast-global-color-5)","background-image":"","background-repeat":"repeat","background-position":"center center","background-size":"auto","background-attachment":"scroll","background-type":"","background-media":"","overlay-type":"","overlay-color":"","overlay-opacity":"","overlay-gradient":""}},"footnotes":""},"class_list":["post-9992","page","type-page","status-publish","hentry"],"_links":{"self":[{"href":"https:\/\/uttijuana.edu.mx\/index.php\/wp-json\/wp\/v2\/pages\/9992","targetHints":{"allow":["GET"]}}],"collection":[{"href":"https:\/\/uttijuana.edu.mx\/index.php\/wp-json\/wp\/v2\/pages"}],"about":[{"href":"https:\/\/uttijuana.edu.mx\/index.php\/wp-json\/wp\/v2\/types\/page"}],"author":[{"embeddable":true,"href":"https:\/\/uttijuana.edu.mx\/index.php\/wp-json\/wp\/v2\/users\/2"}],"replies":[{"embeddable":true,"href":"https:\/\/uttijuana.edu.mx\/index.php\/wp-json\/wp\/v2\/comments?post=9992"}],"version-history":[{"count":22,"href":"https:\/\/uttijuana.edu.mx\/index.php\/wp-json\/wp\/v2\/pages\/9992\/revisions"}],"predecessor-version":[{"id":10100,"href":"https:\/\/uttijuana.edu.mx\/index.php\/wp-json\/wp\/v2\/pages\/9992\/revisions\/10100"}],"wp:attachment":[{"href":"https:\/\/uttijuana.edu.mx\/index.php\/wp-json\/wp\/v2\/media?parent=9992"}],"curies":[{"name":"wp","href":"https:\/\/api.w.org\/{rel}","templated":true}]}}